{"id":1856,"date":"2026-02-24T11:10:47","date_gmt":"2026-02-24T10:10:47","guid":{"rendered":"https:\/\/www.bad-endorf-evangelisch.de\/w\/?page_id=1856"},"modified":"2026-02-24T15:12:29","modified_gmt":"2026-02-24T14:12:29","slug":"konfi3","status":"publish","type":"page","link":"https:\/\/www.bad-endorf-evangelisch.de\/w\/gemeindeleben\/konfi3\/","title":{"rendered":"Konfi3"},"content":{"rendered":"\n<p>In der dritten Klasse bist du in einem Alter, in dem du beginnst, den Glauben aus einem anderen Blickwinkel zu sehen. Du wirst vom Kind langsam zum Jugendlichen. Da tut es gut, sich in der Gemeinschaft Gedanken zu machen &#8211; zu Gott, der Welt, dem Glauben, und was das mit mir zu tun hat.<\/p>\n\n\n\n<p>Und das wollen wir in unserer Gemeinde miteinander tun! Wir wollen reden, erleben, basteln, suchen, h\u00f6ren und nat\u00fcrlich auch Gottesdienst feiern.<br>Konfi3 ist unabh\u00e4ngig vom schulischen Religionsunterricht und richtet sich an Kinder im Alter von 8 bis 9 Jahren.<\/p>\n\n\n\n<p>Wir treffen uns sechs Mal. Bei jedem Termin gibt es eine Brotzeit wir essen danach auch zusammen.<br>Wir treffen uns nur an schulfreien Tagen: Bu\u00df- und Bettag und f\u00fcnf Sonntagen.<\/p>\n\n\n\n<p>An mindestens einem Termin bringst du einen Erwachsenen mit.<\/p>\n\n\n\n<p>Bitte unbedingt anmelden bei: solveig.umbreit@elkb.de oder pfarramt.bad-endorf@elkb.de .<\/p>\n\n\n\n<p>Der Kurs findet jedes Jahr statt. Der n\u00e4chste Kurs findet statt am: <\/p>\n\n\n\n<ul class=\"wp-block-list\">\n<li>4.10.26, 10-14 Uhr: Was wichtiges?<\/li>\n\n\n\n<li>18.11.26, 8-14 Uhr: Meine Kirche?<\/li>\n\n\n\n<li>7.3.27, 10-14 Uhr: Zu Tisch?<\/li>\n\n\n\n<li>18.4.27, 10-14 Uhr: Waschen ohne Seife?<\/li>\n\n\n\n<li>20.6.27, 10-14 Uhr: Meine Kirche!<\/li>\n\n\n\n<li>4.7.27, 10-14 Uhr: Zu Tisch!<\/li>\n<\/ul>\n","protected":false},"excerpt":{"rendered":"<p>In der dritten Klasse bist du in einem Alter, in dem du beginnst, den Glauben aus einem anderen Blickwinkel zu sehen. Du wirst vom Kind langsam zum Jugendlichen. Da tut es gut, sich in der Gemeinschaft Gedanken zu machen &#8211; zu Gott, der Welt, dem Glauben, und was das mit [&hellip;]<\/p>\n","protected":false},"author":4,"featured_media":0,"parent":139,"menu_order":0,"comment_status":"closed","ping_status":"closed","template":"","meta":{"footnotes":""},"class_list":["post-1856","page","type-page","status-publish","hentry"],"_links":{"self":[{"href":"https:\/\/www.bad-endorf-evangelisch.de\/w\/wp-json\/wp\/v2\/pages\/1856","targetHints":{"allow":["GET"]}}],"collection":[{"href":"https:\/\/www.bad-endorf-evangelisch.de\/w\/wp-json\/wp\/v2\/pages"}],"about":[{"href":"https:\/\/www.bad-endorf-evangelisch.de\/w\/wp-json\/wp\/v2\/types\/page"}],"author":[{"embeddable":true,"href":"https:\/\/www.bad-endorf-evangelisch.de\/w\/wp-json\/wp\/v2\/users\/4"}],"replies":[{"embeddable":true,"href":"https:\/\/www.bad-endorf-evangelisch.de\/w\/wp-json\/wp\/v2\/comments?post=1856"}],"version-history":[{"count":1,"href":"https:\/\/www.bad-endorf-evangelisch.de\/w\/wp-json\/wp\/v2\/pages\/1856\/revisions"}],"predecessor-version":[{"id":1857,"href":"https:\/\/www.bad-endorf-evangelisch.de\/w\/wp-json\/wp\/v2\/pages\/1856\/revisions\/1857"}],"up":[{"embeddable":true,"href":"https:\/\/www.bad-endorf-evangelisch.de\/w\/wp-json\/wp\/v2\/pages\/139"}],"wp:attachment":[{"href":"https:\/\/www.bad-endorf-evangelisch.de\/w\/wp-json\/wp\/v2\/media?parent=1856"}],"curies":[{"name":"wp","href":"https:\/\/api.w.org\/{rel}","templated":true}]}}