{"id":1851,"date":"2026-02-24T10:32:05","date_gmt":"2026-02-24T09:32:05","guid":{"rendered":"https:\/\/www.bad-endorf-evangelisch.de\/w\/?page_id=1851"},"modified":"2026-02-24T15:17:27","modified_gmt":"2026-02-24T14:17:27","slug":"familien-und-kindergottesdienst","status":"publish","type":"page","link":"https:\/\/www.bad-endorf-evangelisch.de\/w\/gemeindeleben\/familien-und-kindergottesdienst\/","title":{"rendered":"Familien- und Kindergottesdienst"},"content":{"rendered":"\n<div class=\"wp-block-cover\"><img loading=\"lazy\" decoding=\"async\" width=\"1024\" height=\"768\" class=\"wp-block-cover__image-background wp-image-536\" alt=\"Kinderbibeltag 2020\" src=\"https:\/\/www.bad-endorf-evangelisch.de\/w\/wp-content\/uploads\/2020\/02\/Kinderbibeltag-2020-1-1024x768.jpg\" data-object-fit=\"cover\" srcset=\"https:\/\/www.bad-endorf-evangelisch.de\/w\/wp-content\/uploads\/2020\/02\/Kinderbibeltag-2020-1-1024x768.jpg 1024w, https:\/\/www.bad-endorf-evangelisch.de\/w\/wp-content\/uploads\/2020\/02\/Kinderbibeltag-2020-1-300x225.jpg 300w, https:\/\/www.bad-endorf-evangelisch.de\/w\/wp-content\/uploads\/2020\/02\/Kinderbibeltag-2020-1-768x576.jpg 768w, https:\/\/www.bad-endorf-evangelisch.de\/w\/wp-content\/uploads\/2020\/02\/Kinderbibeltag-2020-1-1536x1152.jpg 1536w, https:\/\/www.bad-endorf-evangelisch.de\/w\/wp-content\/uploads\/2020\/02\/Kinderbibeltag-2020-1.jpg 2000w\" sizes=\"auto, (max-width: 1024px) 100vw, 1024px\" \/><span aria-hidden=\"true\" class=\"wp-block-cover__background has-background-dim\"><\/span><div class=\"wp-block-cover__inner-container is-layout-flow wp-block-cover-is-layout-flow\">\n<figure class=\"wp-block-image size-large\"><img loading=\"lazy\" decoding=\"async\" width=\"1007\" height=\"1024\" src=\"https:\/\/www.bad-endorf-evangelisch.de\/w\/wp-content\/uploads\/2021\/05\/20210513-Kirchenbaer-im-Ballon-kl-1007x1024.jpg\" alt=\"\" class=\"wp-image-1156\" srcset=\"https:\/\/www.bad-endorf-evangelisch.de\/w\/wp-content\/uploads\/2021\/05\/20210513-Kirchenbaer-im-Ballon-kl-1007x1024.jpg 1007w, https:\/\/www.bad-endorf-evangelisch.de\/w\/wp-content\/uploads\/2021\/05\/20210513-Kirchenbaer-im-Ballon-kl-295x300.jpg 295w, https:\/\/www.bad-endorf-evangelisch.de\/w\/wp-content\/uploads\/2021\/05\/20210513-Kirchenbaer-im-Ballon-kl-768x781.jpg 768w, https:\/\/www.bad-endorf-evangelisch.de\/w\/wp-content\/uploads\/2021\/05\/20210513-Kirchenbaer-im-Ballon-kl-1511x1536.jpg 1511w, https:\/\/www.bad-endorf-evangelisch.de\/w\/wp-content\/uploads\/2021\/05\/20210513-Kirchenbaer-im-Ballon-kl.jpg 1699w\" sizes=\"auto, (max-width: 1007px) 100vw, 1007px\" \/><\/figure>\n<\/div><\/div>\n\n\n\n<p><\/p>\n\n\n\n<h2 class=\"wp-block-heading\"><strong>Familiengottesdienst <\/strong><\/h2>\n\n\n\n<p>Kurzweilig, mit Gesang, ein bisschen Theater, Gebet, und doch auch ein paar tiefgehenden Gedanken &#8211; das ist der Gottesdienst f\u00fcr die ganze Familie. Der Gottesdienst richtet sich vor allem an Familien mit Kindern im Kindergarten- und Grundschulalter, es sind aber alle herzlich willkommen.<\/p>\n\n\n\n<p>Ein Familiengottesdienst f\u00e4llt jeweils auf Ostern und Weihnachten. <\/p>\n\n\n\n<p>Alle Familiengottesdienste finden an der Martin-Luther-Str. 11 statt, je nach Wetter in der Kirche, im Kirchhof oder im Gemeindehaus. <\/p>\n\n\n\n<p>Ein Familiengottesdienst im Sommer ist \u00f6kumenisch und findet auf der Wiese an der Kapelle in Jolling statt.<\/p>\n\n\n\n<p>Die Termine f\u00fcr 2026 sind: <\/p>\n\n\n\n<ul class=\"wp-block-list\">\n<li>1. M\u00e4rz 10 Uhr mit Abendmahl<\/li>\n\n\n\n<li>5. April 10 Uhr Ostern, mit Eiersuche, mit Abendmahl<\/li>\n\n\n\n<li>19. April 10 Uhr<\/li>\n\n\n\n<li>21. Juni 10 Uhr \u00f6kumenisch, in Jolling <\/li>\n\n\n\n<li>5. Juli 10 Uhr mit Abendmahl<\/li>\n\n\n\n<li>4. Oktober 10 Uhr Erntedank<\/li>\n\n\n\n<li>24.12 14:30 Uhr Weihnachten, mit Krippenspiel<\/li>\n<\/ul>\n\n\n\n<h2 class=\"wp-block-heading\"><strong>Kindergottesdienst<\/strong><\/h2>\n\n\n\n<p>Ab 2027 soll es bei uns auch wieder einen Kindergottesdienst geben. Der Kindergottesdienst findet einmal am Monat immer am ersten Sonntag im Monat statt, au\u00dfer dieser Sonntag f\u00e4llt in die Schulferien; in dem Fall f\u00e4llt er aus.<\/p>\n\n\n\n<h2 class=\"wp-block-heading\"><strong>Mitmachen!<\/strong><\/h2>\n\n\n\n<p>Ihr k\u00f6nnt nat\u00fcrlich gerne einfach vorbei kommen &#8211; aber falls sich eine Mama oder ein Papa, eine Oma oder ein Opa einbringen und bei den Kinder- oder Familiengottesdiensten mitmachen m\u00f6chte, wendet euch bitte an unsere Pfarrerin. Wir freuen uns sehr! Es gibt selbstverst\u00e4ndlich eine Einarbeitung, und bei Interesse gibt es auch Fortbildungen f\u00fcr Familiengottesdienstmitarbeiter*innen. <\/p>\n","protected":false},"excerpt":{"rendered":"<p>Familiengottesdienst Kurzweilig, mit Gesang, ein bisschen Theater, Gebet, und doch auch ein paar tiefgehenden Gedanken &#8211; das ist der Gottesdienst f\u00fcr die ganze Familie. Der Gottesdienst richtet sich vor allem an Familien mit Kindern im Kindergarten- und Grundschulalter, es sind aber alle herzlich willkommen. Ein Familiengottesdienst f\u00e4llt jeweils auf Ostern [&hellip;]<\/p>\n","protected":false},"author":4,"featured_media":1156,"parent":139,"menu_order":0,"comment_status":"closed","ping_status":"closed","template":"","meta":{"footnotes":""},"class_list":["post-1851","page","type-page","status-publish","has-post-thumbnail","hentry"],"_links":{"self":[{"href":"https:\/\/www.bad-endorf-evangelisch.de\/w\/wp-json\/wp\/v2\/pages\/1851","targetHints":{"allow":["GET"]}}],"collection":[{"href":"https:\/\/www.bad-endorf-evangelisch.de\/w\/wp-json\/wp\/v2\/pages"}],"about":[{"href":"https:\/\/www.bad-endorf-evangelisch.de\/w\/wp-json\/wp\/v2\/types\/page"}],"author":[{"embeddable":true,"href":"https:\/\/www.bad-endorf-evangelisch.de\/w\/wp-json\/wp\/v2\/users\/4"}],"replies":[{"embeddable":true,"href":"https:\/\/www.bad-endorf-evangelisch.de\/w\/wp-json\/wp\/v2\/comments?post=1851"}],"version-history":[{"count":4,"href":"https:\/\/www.bad-endorf-evangelisch.de\/w\/wp-json\/wp\/v2\/pages\/1851\/revisions"}],"predecessor-version":[{"id":1862,"href":"https:\/\/www.bad-endorf-evangelisch.de\/w\/wp-json\/wp\/v2\/pages\/1851\/revisions\/1862"}],"up":[{"embeddable":true,"href":"https:\/\/www.bad-endorf-evangelisch.de\/w\/wp-json\/wp\/v2\/pages\/139"}],"wp:featuredmedia":[{"embeddable":true,"href":"https:\/\/www.bad-endorf-evangelisch.de\/w\/wp-json\/wp\/v2\/media\/1156"}],"wp:attachment":[{"href":"https:\/\/www.bad-endorf-evangelisch.de\/w\/wp-json\/wp\/v2\/media?parent=1851"}],"curies":[{"name":"wp","href":"https:\/\/api.w.org\/{rel}","templated":true}]}}